{"id":61,"date":"2020-07-12T16:11:46","date_gmt":"2020-07-12T14:11:46","guid":{"rendered":"http:\/\/www.fundacionhayesperanza.org\/?page_id=61"},"modified":"2022-11-16T17:10:26","modified_gmt":"2022-11-16T16:10:26","slug":"contacto-2","status":"publish","type":"page","link":"https:\/\/www.fundacionhayesperanza.org\/?page_id=61","title":{"rendered":"Contacto"},"content":{"rendered":"\n<p style=\"text-align: center;\"><span style=\"font-size: 10pt;\">&nbsp;Para solicitarnos informaci\u00f3n o hacernos cualquier consulta acerca de nuestros servicios, pod\u00e9is contactar con:<\/span><\/p>\n\n\n\n<div style=\"height:20px\" aria-hidden=\"true\" class=\"wp-block-spacer\"><\/div>\n\n\n\n<p class=\"has-text-align-left\" style=\"text-align: center;\"><a href=\"telto:+34913190770\">+34 913190770<\/a><\/p>\n\n\n\n<p class=\"has-text-align-left\" style=\"text-align: center;\"><a href=\"secreteria@fundaci\u00f3nhayesperanza.org\" target=\"_blank\" rel=\"noreferrer noopener\">secreteria@fundaci\u00f3nhayesperanza.org<\/a><\/p>\n\n\n\n<div style=\"height:30px\" aria-hidden=\"true\" class=\"wp-block-spacer\"><\/div>\n\n\n\n<div class=\"wp-block-group is-layout-flow\"><div class=\"wp-block-group__inner-container\">\n<div class=\"wp-block-image\"><figure class=\"aligncenter size-full\"><img decoding=\"async\" loading=\"lazy\" width=\"705\" height=\"554\" src=\"https:\/\/www.fundacionhayesperanza.org\/wp-content\/uploads\/2022\/11\/mapa-fundacion-hay-esperanza-vf.jpg\" alt=\"\" class=\"wp-image-594\" srcset=\"https:\/\/www.fundacionhayesperanza.org\/wp-content\/uploads\/2022\/11\/mapa-fundacion-hay-esperanza-vf.jpg 705w, https:\/\/www.fundacionhayesperanza.org\/wp-content\/uploads\/2022\/11\/mapa-fundacion-hay-esperanza-vf-300x236.jpg 300w\" sizes=\"(max-width: 705px) 100vw, 705px\" \/><\/figure><\/div>\n<\/div><\/div>\n\n\n\n\n\n<p class=\"has-text-align-center\"><span class=\"has-inline-color has-light-green-cyan-color\">Santa Engracia 15, Primero Izq. Madrid. CP:28010<\/span><\/p>\n\n\n\n<p><\/p>\n","protected":false},"excerpt":{"rendered":"<p>&nbsp;Para solicitarnos informaci\u00f3n o hacernos cualquier consulta acerca de nuestros servicios, pod\u00e9is contactar con: +34 913190770 secreteria@fundaci\u00f3nhayesperanza.org Santa Engracia 15, Primero Izq. Madrid. CP:28010<\/p>\n","protected":false},"author":1,"featured_media":0,"parent":0,"menu_order":0,"comment_status":"closed","ping_status":"closed","template":"","meta":[],"yoast_head":"<!-- This site is optimized with the Yoast SEO plugin v20.7 - https:\/\/yoast.com\/wordpress\/plugins\/seo\/ -->\n<title>Contacto -<\/title>\n<meta name=\"robots\" content=\"index, follow, max-snippet:-1, max-image-preview:large, max-video-preview:-1\" \/>\n<link rel=\"canonical\" href=\"https:\/\/www.fundacionhayesperanza.org\/?page_id=61\" \/>\n<meta property=\"og:locale\" content=\"es_ES\" \/>\n<meta property=\"og:type\" content=\"article\" \/>\n<meta property=\"og:title\" content=\"Contacto -\" \/>\n<meta property=\"og:description\" content=\"&nbsp;Para solicitarnos informaci\u00f3n o hacernos cualquier consulta acerca de nuestros servicios, pod\u00e9is contactar con: +34 913190770 secreteria@fundaci\u00f3nhayesperanza.org Santa Engracia 15, Primero Izq. Madrid. CP:28010\" \/>\n<meta property=\"og:url\" content=\"https:\/\/www.fundacionhayesperanza.org\/?page_id=61\" \/>\n<meta property=\"article:modified_time\" content=\"2022-11-16T16:10:26+00:00\" \/>\n<meta property=\"og:image\" content=\"https:\/\/www.fundacionhayesperanza.org\/wp-content\/uploads\/2022\/11\/mapa-fundacion-hay-esperanza-vf.jpg\" \/>\n<meta name=\"twitter:card\" content=\"summary_large_image\" \/>\n<meta name=\"twitter:label1\" content=\"Tiempo de lectura\" \/>\n\t<meta name=\"twitter:data1\" content=\"1 minuto\" \/>\n<script type=\"application\/ld+json\" class=\"yoast-schema-graph\">{\"@context\":\"https:\/\/schema.org\",\"@graph\":[{\"@type\":\"WebPage\",\"@id\":\"https:\/\/www.fundacionhayesperanza.org\/?page_id=61\",\"url\":\"https:\/\/www.fundacionhayesperanza.org\/?page_id=61\",\"name\":\"Contacto -\",\"isPartOf\":{\"@id\":\"https:\/\/www.fundacionhayesperanza.org\/#website\"},\"datePublished\":\"2020-07-12T14:11:46+00:00\",\"dateModified\":\"2022-11-16T16:10:26+00:00\",\"breadcrumb\":{\"@id\":\"https:\/\/www.fundacionhayesperanza.org\/?page_id=61#breadcrumb\"},\"inLanguage\":\"es\",\"potentialAction\":[{\"@type\":\"ReadAction\",\"target\":[\"https:\/\/www.fundacionhayesperanza.org\/?page_id=61\"]}]},{\"@type\":\"BreadcrumbList\",\"@id\":\"https:\/\/www.fundacionhayesperanza.org\/?page_id=61#breadcrumb\",\"itemListElement\":[{\"@type\":\"ListItem\",\"position\":1,\"name\":\"Home\",\"item\":\"https:\/\/www.fundacionhayesperanza.org\/\"},{\"@type\":\"ListItem\",\"position\":2,\"name\":\"Contacto\"}]},{\"@type\":\"WebSite\",\"@id\":\"https:\/\/www.fundacionhayesperanza.org\/#website\",\"url\":\"https:\/\/www.fundacionhayesperanza.org\/\",\"name\":\"\",\"description\":\"\",\"potentialAction\":[{\"@type\":\"SearchAction\",\"target\":{\"@type\":\"EntryPoint\",\"urlTemplate\":\"https:\/\/www.fundacionhayesperanza.org\/?s={search_term_string}\"},\"query-input\":\"required name=search_term_string\"}],\"inLanguage\":\"es\"}]}<\/script>\n<!-- \/ Yoast SEO plugin. -->","yoast_head_json":{"title":"Contacto -","robots":{"index":"index","follow":"follow","max-snippet":"max-snippet:-1","max-image-preview":"max-image-preview:large","max-video-preview":"max-video-preview:-1"},"canonical":"https:\/\/www.fundacionhayesperanza.org\/?page_id=61","og_locale":"es_ES","og_type":"article","og_title":"Contacto -","og_description":"&nbsp;Para solicitarnos informaci\u00f3n o hacernos cualquier consulta acerca de nuestros servicios, pod\u00e9is contactar con: +34 913190770 secreteria@fundaci\u00f3nhayesperanza.org Santa Engracia 15, Primero Izq. Madrid. CP:28010","og_url":"https:\/\/www.fundacionhayesperanza.org\/?page_id=61","article_modified_time":"2022-11-16T16:10:26+00:00","og_image":[{"url":"https:\/\/www.fundacionhayesperanza.org\/wp-content\/uploads\/2022\/11\/mapa-fundacion-hay-esperanza-vf.jpg"}],"twitter_card":"summary_large_image","twitter_misc":{"Tiempo de lectura":"1 minuto"},"schema":{"@context":"https:\/\/schema.org","@graph":[{"@type":"WebPage","@id":"https:\/\/www.fundacionhayesperanza.org\/?page_id=61","url":"https:\/\/www.fundacionhayesperanza.org\/?page_id=61","name":"Contacto -","isPartOf":{"@id":"https:\/\/www.fundacionhayesperanza.org\/#website"},"datePublished":"2020-07-12T14:11:46+00:00","dateModified":"2022-11-16T16:10:26+00:00","breadcrumb":{"@id":"https:\/\/www.fundacionhayesperanza.org\/?page_id=61#breadcrumb"},"inLanguage":"es","potentialAction":[{"@type":"ReadAction","target":["https:\/\/www.fundacionhayesperanza.org\/?page_id=61"]}]},{"@type":"BreadcrumbList","@id":"https:\/\/www.fundacionhayesperanza.org\/?page_id=61#breadcrumb","itemListElement":[{"@type":"ListItem","position":1,"name":"Home","item":"https:\/\/www.fundacionhayesperanza.org\/"},{"@type":"ListItem","position":2,"name":"Contacto"}]},{"@type":"WebSite","@id":"https:\/\/www.fundacionhayesperanza.org\/#website","url":"https:\/\/www.fundacionhayesperanza.org\/","name":"","description":"","potentialAction":[{"@type":"SearchAction","target":{"@type":"EntryPoint","urlTemplate":"https:\/\/www.fundacionhayesperanza.org\/?s={search_term_string}"},"query-input":"required name=search_term_string"}],"inLanguage":"es"}]}},"_links":{"self":[{"href":"https:\/\/www.fundacionhayesperanza.org\/index.php?rest_route=\/wp\/v2\/pages\/61"}],"collection":[{"href":"https:\/\/www.fundacionhayesperanza.org\/index.php?rest_route=\/wp\/v2\/pages"}],"about":[{"href":"https:\/\/www.fundacionhayesperanza.org\/index.php?rest_route=\/wp\/v2\/types\/page"}],"author":[{"embeddable":true,"href":"https:\/\/www.fundacionhayesperanza.org\/index.php?rest_route=\/wp\/v2\/users\/1"}],"replies":[{"embeddable":true,"href":"https:\/\/www.fundacionhayesperanza.org\/index.php?rest_route=%2Fwp%2Fv2%2Fcomments&post=61"}],"version-history":[{"count":31,"href":"https:\/\/www.fundacionhayesperanza.org\/index.php?rest_route=\/wp\/v2\/pages\/61\/revisions"}],"predecessor-version":[{"id":597,"href":"https:\/\/www.fundacionhayesperanza.org\/index.php?rest_route=\/wp\/v2\/pages\/61\/revisions\/597"}],"wp:attachment":[{"href":"https:\/\/www.fundacionhayesperanza.org\/index.php?rest_route=%2Fwp%2Fv2%2Fmedia&parent=61"}],"curies":[{"name":"wp","href":"https:\/\/api.w.org\/{rel}","templated":true}]}}