{"id":266,"date":"2020-07-17T15:23:11","date_gmt":"2020-07-17T13:23:11","guid":{"rendered":"http:\/\/www.fundacionhayesperanza.org\/?page_id=266"},"modified":"2020-07-17T16:38:31","modified_gmt":"2020-07-17T14:38:31","slug":"capitulo-4","status":"publish","type":"page","link":"https:\/\/www.fundacionhayesperanza.org\/?page_id=266","title":{"rendered":"Cap\u00edtulo IV\u00b0"},"content":{"rendered":"\n<h2 style=\"text-align: center;\"><span style=\"font-size: 14pt;\">Reglas b\u00e1sicas para la aplicaci\u00f3n de os recursos al cumplimiento de los fines fundaciones y para la determinaci\u00f3n de los beneficiarios.<\/span><\/h2>\n\n\n\n<p style=\"text-align: justify;\"><span style=\"font-family: Montserrat; font-size: 12pt;\">ART\u00cdCULO 17\u00ba.- A la realizaci\u00f3n de los fines fundacionales deber\u00e1 ser destinado, al menos el setenta por ciento de los resultados de las explotaciones econ\u00f3micas que se desarrollen y de los ingresos que se obtengan por cualquier otro concepto, deducidos los gatos realizados para la obtenci\u00f3n de tales resultados o ingresos, debi\u00e9ndose destinar el resto a incrementar la dotaci\u00f3n fundacional o las reservas, seg\u00fan decisi\u00f3n del Patronato, en un plazo comprendido entre el inicio del ejercicio en que se hayan obtenido y los cuatro siguientes al cierre de dicho ejercicio. En este c\u00e1lculo no se incluir\u00e1n las aportaciones que tengan la consideraci\u00f3n legal de dotaci\u00f3n patrimonial.<\/span><\/p>\n<p style=\"text-align: justify;\"><span style=\"font-family: Montserrat; font-size: 12pt;\">Tanto la proporci\u00f3n como el plazo citado, se adaptar\u00e1n a lo dispuesto en cada momento por la legislaci\u00f3n vigente, sin que para ello sea preciso proceder a modificar estos Estatutos.<\/span><\/p>\n<p style=\"text-align: justify;\"><span style=\"font-family: Montserrat; font-size: 12pt;\">ART\u00cdCULO 18\u00ba.- La determinaci\u00f3n de los beneficiarios se efectuar\u00e1 por el Patronato con criterios de imparcialidad y no discriminaci\u00f3n entre las personas y entidades que formen parte de los sectores de poblaci\u00f3n comprendidos en los fines fundacionales, conforme a las siguientes reglas:<\/span><\/p>\n<ol>\n<li style=\"text-align: justify;\"><span style=\"font-family: Montserrat; font-size: 12pt;\">Las ayudas de tipo asistencial se distribuir\u00e1n entre las personas y entidades que re\u00fanan las siguientes circunstancias:<\/span>\n<ol>\n<li><span style=\"font-family: Montserrat; font-size: 12pt;\">Que soliciten una ayuda que la Fundaci\u00f3n pueda ofrecer.<\/span><\/li>\n<li><span style=\"font-family: Montserrat; font-size: 12pt;\">Que sean acreedores a las prestaciones en raz\u00f3n a sus m\u00e9ritos, capacidad, necesidad o conveniencia.<\/span><\/li>\n<li><span style=\"font-family: Montserrat; font-size: 12pt;\">Que justifiquen su aplicaci\u00f3n al fin para el que se soliciten.<\/span><\/li>\n<li><span style=\"font-family: Montserrat; font-size: 12pt;\">Que cumplan otros requisitos que, complementariamente, pueda acordar el Patronato, espec\u00edficos para cada convocatoria.<\/span><\/li>\n<\/ol>\n<\/li>\n<li style=\"text-align: justify;\"><span style=\"font-family: Montserrat; font-size: 12pt;\">Cuando se trate de prestaciones dirigidas a la realizaci\u00f3n de trabajos de investigaci\u00f3n cient\u00edfica, o de naturaleza cultural o formativa, ser\u00e1 necesaria la acreditaci\u00f3n de la capacidad precisa para la realizaci\u00f3n de acuerdo con los criterios que para cada caso establezca el Patronato. La Fundaci\u00f3n podr\u00e1 obtener ingresos por las actividades que realice siempre que ello no implique una limitaci\u00f3n injustificada del \u00e1mbito de sus posibles beneficiarios. Nadie, ni individual, ni colectivamente, podr\u00e1 alegar frente a la Fundaci\u00f3n ning\u00fan derecho al goce de dichos beneficiarios, ni imponer su atribuci\u00f3n a personas determinadas.<\/span><\/li>\n<\/ol>\n","protected":false},"excerpt":{"rendered":"<p>Reglas b\u00e1sicas para la aplicaci\u00f3n de os recursos al cumplimiento de los fines fundaciones y para la determinaci\u00f3n de los beneficiarios. ART\u00cdCULO 17\u00ba.- A la realizaci\u00f3n de los fines fundacionales deber\u00e1 ser destinado, al menos el setenta por ciento de los resultados de las explotaciones econ\u00f3micas que se desarrollen y de los ingresos que se obtengan por cualquier otro concepto, deducidos los gatos realizados para la obtenci\u00f3n de tales resultados o ingresos, debi\u00e9ndose destinar el resto a incrementar la dotaci\u00f3n fundacional o las reservas, seg\u00fan decisi\u00f3n del Patronato, en un plazo comprendido entre el inicio del ejercicio en que se hayan obtenido y los cuatro siguientes al cierre de dicho ejercicio. En este c\u00e1lculo no se incluir\u00e1n las aportaciones que tengan la consideraci\u00f3n legal de dotaci\u00f3n patrimonial. Tanto la proporci\u00f3n como el plazo citado, se adaptar\u00e1n a lo dispuesto en cada momento por la legislaci\u00f3n vigente, sin que para ello sea preciso proceder a modificar estos Estatutos. ART\u00cdCULO 18\u00ba.- La determinaci\u00f3n de los beneficiarios se efectuar\u00e1 por el Patronato con criterios de imparcialidad y no discriminaci\u00f3n entre las personas y entidades que formen parte de los sectores de poblaci\u00f3n comprendidos en los fines fundacionales, conforme a las siguientes reglas: Las ayudas de tipo asistencial se distribuir\u00e1n entre las personas y entidades que re\u00fanan las siguientes circunstancias: Que soliciten una ayuda que la Fundaci\u00f3n pueda ofrecer. Que sean acreedores a las prestaciones en raz\u00f3n a sus m\u00e9ritos, capacidad, necesidad o conveniencia. Que justifiquen su aplicaci\u00f3n al fin para el que se soliciten. Que cumplan otros requisitos que, complementariamente, pueda acordar el Patronato, espec\u00edficos para cada convocatoria. Cuando se trate de prestaciones dirigidas a la realizaci\u00f3n de trabajos de investigaci\u00f3n cient\u00edfica, o de naturaleza cultural o formativa, ser\u00e1 necesaria la acreditaci\u00f3n de la capacidad precisa para la realizaci\u00f3n de acuerdo con los criterios que para cada caso establezca el Patronato. La Fundaci\u00f3n podr\u00e1 obtener ingresos por las actividades que realice siempre que ello no implique una limitaci\u00f3n injustificada del \u00e1mbito de sus posibles beneficiarios. Nadie, ni individual, ni colectivamente, podr\u00e1 alegar frente a la Fundaci\u00f3n ning\u00fan derecho al goce de dichos beneficiarios, ni imponer su atribuci\u00f3n a personas determinadas.<\/p>\n","protected":false},"author":1,"featured_media":0,"parent":0,"menu_order":0,"comment_status":"closed","ping_status":"closed","template":"","meta":[],"yoast_head":"<!-- This site is optimized with the Yoast SEO plugin v20.7 - https:\/\/yoast.com\/wordpress\/plugins\/seo\/ -->\n<title>Cap\u00edtulo IV\u00b0 -<\/title>\n<meta name=\"robots\" content=\"index, follow, max-snippet:-1, max-image-preview:large, max-video-preview:-1\" \/>\n<link rel=\"canonical\" href=\"https:\/\/www.fundacionhayesperanza.org\/?page_id=266\" \/>\n<meta property=\"og:locale\" content=\"es_ES\" \/>\n<meta property=\"og:type\" content=\"article\" \/>\n<meta property=\"og:title\" content=\"Cap\u00edtulo IV\u00b0 -\" \/>\n<meta property=\"og:description\" content=\"Reglas b\u00e1sicas para la aplicaci\u00f3n de os recursos al cumplimiento de los fines fundaciones y para la determinaci\u00f3n de los beneficiarios. ART\u00cdCULO 17\u00ba.- A la realizaci\u00f3n de los fines fundacionales deber\u00e1 ser destinado, al menos el setenta por ciento de los resultados de las explotaciones econ\u00f3micas que se desarrollen y de los ingresos que se obtengan por cualquier otro concepto, deducidos los gatos realizados para la obtenci\u00f3n de tales resultados o ingresos, debi\u00e9ndose destinar el resto a incrementar la dotaci\u00f3n fundacional o las reservas, seg\u00fan decisi\u00f3n del Patronato, en un plazo comprendido entre el inicio del ejercicio en que se hayan obtenido y los cuatro siguientes al cierre de dicho ejercicio. En este c\u00e1lculo no se incluir\u00e1n las aportaciones que tengan la consideraci\u00f3n legal de dotaci\u00f3n patrimonial. Tanto la proporci\u00f3n como el plazo citado, se adaptar\u00e1n a lo dispuesto en cada momento por la legislaci\u00f3n vigente, sin que para ello sea preciso proceder a modificar estos Estatutos. ART\u00cdCULO 18\u00ba.- La determinaci\u00f3n de los beneficiarios se efectuar\u00e1 por el Patronato con criterios de imparcialidad y no discriminaci\u00f3n entre las personas y entidades que formen parte de los sectores de poblaci\u00f3n comprendidos en los fines fundacionales, conforme a las siguientes reglas: Las ayudas de tipo asistencial se distribuir\u00e1n entre las personas y entidades que re\u00fanan las siguientes circunstancias: Que soliciten una ayuda que la Fundaci\u00f3n pueda ofrecer. Que sean acreedores a las prestaciones en raz\u00f3n a sus m\u00e9ritos, capacidad, necesidad o conveniencia. Que justifiquen su aplicaci\u00f3n al fin para el que se soliciten. Que cumplan otros requisitos que, complementariamente, pueda acordar el Patronato, espec\u00edficos para cada convocatoria. Cuando se trate de prestaciones dirigidas a la realizaci\u00f3n de trabajos de investigaci\u00f3n cient\u00edfica, o de naturaleza cultural o formativa, ser\u00e1 necesaria la acreditaci\u00f3n de la capacidad precisa para la realizaci\u00f3n de acuerdo con los criterios que para cada caso establezca el Patronato. La Fundaci\u00f3n podr\u00e1 obtener ingresos por las actividades que realice siempre que ello no implique una limitaci\u00f3n injustificada del \u00e1mbito de sus posibles beneficiarios. Nadie, ni individual, ni colectivamente, podr\u00e1 alegar frente a la Fundaci\u00f3n ning\u00fan derecho al goce de dichos beneficiarios, ni imponer su atribuci\u00f3n a personas determinadas.\" \/>\n<meta property=\"og:url\" content=\"https:\/\/www.fundacionhayesperanza.org\/?page_id=266\" \/>\n<meta property=\"article:modified_time\" content=\"2020-07-17T14:38:31+00:00\" \/>\n<meta name=\"twitter:card\" content=\"summary_large_image\" \/>\n<meta name=\"twitter:label1\" content=\"Tiempo de lectura\" \/>\n\t<meta name=\"twitter:data1\" content=\"2 minutos\" \/>\n<script type=\"application\/ld+json\" class=\"yoast-schema-graph\">{\"@context\":\"https:\/\/schema.org\",\"@graph\":[{\"@type\":\"WebPage\",\"@id\":\"https:\/\/www.fundacionhayesperanza.org\/?page_id=266\",\"url\":\"https:\/\/www.fundacionhayesperanza.org\/?page_id=266\",\"name\":\"Cap\u00edtulo IV\u00b0 -\",\"isPartOf\":{\"@id\":\"https:\/\/www.fundacionhayesperanza.org\/#website\"},\"datePublished\":\"2020-07-17T13:23:11+00:00\",\"dateModified\":\"2020-07-17T14:38:31+00:00\",\"breadcrumb\":{\"@id\":\"https:\/\/www.fundacionhayesperanza.org\/?page_id=266#breadcrumb\"},\"inLanguage\":\"es\",\"potentialAction\":[{\"@type\":\"ReadAction\",\"target\":[\"https:\/\/www.fundacionhayesperanza.org\/?page_id=266\"]}]},{\"@type\":\"BreadcrumbList\",\"@id\":\"https:\/\/www.fundacionhayesperanza.org\/?page_id=266#breadcrumb\",\"itemListElement\":[{\"@type\":\"ListItem\",\"position\":1,\"name\":\"Home\",\"item\":\"https:\/\/www.fundacionhayesperanza.org\/\"},{\"@type\":\"ListItem\",\"position\":2,\"name\":\"Cap\u00edtulo IV\u00b0\"}]},{\"@type\":\"WebSite\",\"@id\":\"https:\/\/www.fundacionhayesperanza.org\/#website\",\"url\":\"https:\/\/www.fundacionhayesperanza.org\/\",\"name\":\"\",\"description\":\"\",\"potentialAction\":[{\"@type\":\"SearchAction\",\"target\":{\"@type\":\"EntryPoint\",\"urlTemplate\":\"https:\/\/www.fundacionhayesperanza.org\/?s={search_term_string}\"},\"query-input\":\"required name=search_term_string\"}],\"inLanguage\":\"es\"}]}<\/script>\n<!-- \/ Yoast SEO plugin. -->","yoast_head_json":{"title":"Cap\u00edtulo IV\u00b0 -","robots":{"index":"index","follow":"follow","max-snippet":"max-snippet:-1","max-image-preview":"max-image-preview:large","max-video-preview":"max-video-preview:-1"},"canonical":"https:\/\/www.fundacionhayesperanza.org\/?page_id=266","og_locale":"es_ES","og_type":"article","og_title":"Cap\u00edtulo IV\u00b0 -","og_description":"Reglas b\u00e1sicas para la aplicaci\u00f3n de os recursos al cumplimiento de los fines fundaciones y para la determinaci\u00f3n de los beneficiarios. ART\u00cdCULO 17\u00ba.- A la realizaci\u00f3n de los fines fundacionales deber\u00e1 ser destinado, al menos el setenta por ciento de los resultados de las explotaciones econ\u00f3micas que se desarrollen y de los ingresos que se obtengan por cualquier otro concepto, deducidos los gatos realizados para la obtenci\u00f3n de tales resultados o ingresos, debi\u00e9ndose destinar el resto a incrementar la dotaci\u00f3n fundacional o las reservas, seg\u00fan decisi\u00f3n del Patronato, en un plazo comprendido entre el inicio del ejercicio en que se hayan obtenido y los cuatro siguientes al cierre de dicho ejercicio. En este c\u00e1lculo no se incluir\u00e1n las aportaciones que tengan la consideraci\u00f3n legal de dotaci\u00f3n patrimonial. Tanto la proporci\u00f3n como el plazo citado, se adaptar\u00e1n a lo dispuesto en cada momento por la legislaci\u00f3n vigente, sin que para ello sea preciso proceder a modificar estos Estatutos. ART\u00cdCULO 18\u00ba.- La determinaci\u00f3n de los beneficiarios se efectuar\u00e1 por el Patronato con criterios de imparcialidad y no discriminaci\u00f3n entre las personas y entidades que formen parte de los sectores de poblaci\u00f3n comprendidos en los fines fundacionales, conforme a las siguientes reglas: Las ayudas de tipo asistencial se distribuir\u00e1n entre las personas y entidades que re\u00fanan las siguientes circunstancias: Que soliciten una ayuda que la Fundaci\u00f3n pueda ofrecer. Que sean acreedores a las prestaciones en raz\u00f3n a sus m\u00e9ritos, capacidad, necesidad o conveniencia. Que justifiquen su aplicaci\u00f3n al fin para el que se soliciten. Que cumplan otros requisitos que, complementariamente, pueda acordar el Patronato, espec\u00edficos para cada convocatoria. Cuando se trate de prestaciones dirigidas a la realizaci\u00f3n de trabajos de investigaci\u00f3n cient\u00edfica, o de naturaleza cultural o formativa, ser\u00e1 necesaria la acreditaci\u00f3n de la capacidad precisa para la realizaci\u00f3n de acuerdo con los criterios que para cada caso establezca el Patronato. La Fundaci\u00f3n podr\u00e1 obtener ingresos por las actividades que realice siempre que ello no implique una limitaci\u00f3n injustificada del \u00e1mbito de sus posibles beneficiarios. Nadie, ni individual, ni colectivamente, podr\u00e1 alegar frente a la Fundaci\u00f3n ning\u00fan derecho al goce de dichos beneficiarios, ni imponer su atribuci\u00f3n a personas determinadas.","og_url":"https:\/\/www.fundacionhayesperanza.org\/?page_id=266","article_modified_time":"2020-07-17T14:38:31+00:00","twitter_card":"summary_large_image","twitter_misc":{"Tiempo de lectura":"2 minutos"},"schema":{"@context":"https:\/\/schema.org","@graph":[{"@type":"WebPage","@id":"https:\/\/www.fundacionhayesperanza.org\/?page_id=266","url":"https:\/\/www.fundacionhayesperanza.org\/?page_id=266","name":"Cap\u00edtulo IV\u00b0 -","isPartOf":{"@id":"https:\/\/www.fundacionhayesperanza.org\/#website"},"datePublished":"2020-07-17T13:23:11+00:00","dateModified":"2020-07-17T14:38:31+00:00","breadcrumb":{"@id":"https:\/\/www.fundacionhayesperanza.org\/?page_id=266#breadcrumb"},"inLanguage":"es","potentialAction":[{"@type":"ReadAction","target":["https:\/\/www.fundacionhayesperanza.org\/?page_id=266"]}]},{"@type":"BreadcrumbList","@id":"https:\/\/www.fundacionhayesperanza.org\/?page_id=266#breadcrumb","itemListElement":[{"@type":"ListItem","position":1,"name":"Home","item":"https:\/\/www.fundacionhayesperanza.org\/"},{"@type":"ListItem","position":2,"name":"Cap\u00edtulo IV\u00b0"}]},{"@type":"WebSite","@id":"https:\/\/www.fundacionhayesperanza.org\/#website","url":"https:\/\/www.fundacionhayesperanza.org\/","name":"","description":"","potentialAction":[{"@type":"SearchAction","target":{"@type":"EntryPoint","urlTemplate":"https:\/\/www.fundacionhayesperanza.org\/?s={search_term_string}"},"query-input":"required name=search_term_string"}],"inLanguage":"es"}]}},"_links":{"self":[{"href":"https:\/\/www.fundacionhayesperanza.org\/index.php?rest_route=\/wp\/v2\/pages\/266"}],"collection":[{"href":"https:\/\/www.fundacionhayesperanza.org\/index.php?rest_route=\/wp\/v2\/pages"}],"about":[{"href":"https:\/\/www.fundacionhayesperanza.org\/index.php?rest_route=\/wp\/v2\/types\/page"}],"author":[{"embeddable":true,"href":"https:\/\/www.fundacionhayesperanza.org\/index.php?rest_route=\/wp\/v2\/users\/1"}],"replies":[{"embeddable":true,"href":"https:\/\/www.fundacionhayesperanza.org\/index.php?rest_route=%2Fwp%2Fv2%2Fcomments&post=266"}],"version-history":[{"count":3,"href":"https:\/\/www.fundacionhayesperanza.org\/index.php?rest_route=\/wp\/v2\/pages\/266\/revisions"}],"predecessor-version":[{"id":291,"href":"https:\/\/www.fundacionhayesperanza.org\/index.php?rest_route=\/wp\/v2\/pages\/266\/revisions\/291"}],"wp:attachment":[{"href":"https:\/\/www.fundacionhayesperanza.org\/index.php?rest_route=%2Fwp%2Fv2%2Fmedia&parent=266"}],"curies":[{"name":"wp","href":"https:\/\/api.w.org\/{rel}","templated":true}]}}