{"id":263,"date":"2020-07-17T15:21:20","date_gmt":"2020-07-17T13:21:20","guid":{"rendered":"http:\/\/www.fundacionhayesperanza.org\/?page_id=263"},"modified":"2020-07-17T16:37:56","modified_gmt":"2020-07-17T14:37:56","slug":"capitulo-2","status":"publish","type":"page","link":"https:\/\/www.fundacionhayesperanza.org\/?page_id=263","title":{"rendered":"Cap\u00edtulo II\u00b0"},"content":{"rendered":"\n<h2 style=\"text-align: center;\"><span style=\"font-size: 14pt;\">Fines fundacionales<\/span><\/h2>\n\n\n\n<p style=\"text-align: justify;\"><span style=\"font-family: Montserrat; font-size: 12pt;\">ART\u00cdCULO 5\u00ba. La Fundaci\u00f3n tiene por objeto la promoci\u00f3n de toda clase de iniciativas de asistencia social, inclusi\u00f3n social, y de cooperaci\u00f3n al desarrollo, destinadas a satisfacer las necesidades b\u00e1sicas de personas y colectividades que se encuentren en riesgo de exclusi\u00f3n social, y faciliten la investigaci\u00f3n y atenci\u00f3n de enfermedades con grandes \u00edndices de mortalidad.<\/span><\/p>\n<p style=\"text-align: justify;\"><span style=\"font-family: Montserrat; font-size: 12pt;\">ART\u00cdCULO 6\u00ba. Para la consecuci\u00f3n de estos fines, la Fundaci\u00f3n podr\u00e1 realizar las siguientes actividades, que se enumeran a simple t\u00edtulo enunciativo y no limitativo:<\/span><\/p>\n<ol style=\"text-align: justify;\">\n<li><span style=\"font-family: Montserrat; font-size: 12pt;\">Conceder toda clase de ayudas econ\u00f3micas y asistenciales a personas f\u00edsicas en riesgo de exclusi\u00f3n social por no disponer de recursos econ\u00f3micos b\u00e1sicos para subsistir o padecer enfermedades con grandes \u00edndices de mortalidad.<\/span><\/li>\n<li><span style=\"font-family: Montserrat; font-size: 12pt;\">Promover directamente, o en colaboraci\u00f3n con otras entidades sin fin de lucro, proyectos de atenci\u00f3n a personas en situaci\u00f3n de vulnerabilidad, tales como: Centros educacionales y tutelares para menores y adultos, centros de tratamiento de drogodependientes, centros de acogida a personas sin hogar, centros de atenci\u00f3n a mujeres en situaci\u00f3n de riesgo social, y similares.<\/span><\/li>\n<li><span style=\"font-family: Montserrat; font-size: 12pt;\">Promover y financiar proyectos de cooperaci\u00f3n internacional al desarrollo para la asistencia a minor\u00edas \u00e9tnicas y el fomento de la ense\u00f1anza y la formaci\u00f3n de la juventud en pa\u00edses del Tercer Mundo, bien directamente, bien en colaboraci\u00f3n con otras entidades.<\/span><\/li>\n<li><span style=\"font-family: Montserrat; font-size: 12pt;\">Financiar la realizaci\u00f3n de proyectos de investigaci\u00f3n cient\u00edfica y m\u00e9dica, cursos, seminarios, publicaciones, etc. Sobre enfermedades con grandes \u00edndices de mortalidad.<\/span><\/li>\n<\/ol>\n<p style=\"text-align: justify;\"><span style=\"font-family: Montserrat; font-size: 12pt;\">La Fundaci\u00f3n podr\u00e1 realizar sus actividades directamente o en colaboraci\u00f3n con otras entidades que persigan fines de inter\u00e9s general an\u00e1logos, y podr\u00e1 recabar la ayuda t\u00e9cnica y econ\u00f3mica de cualquier persona f\u00edsica \u00f3 jur\u00eddica, p\u00fablica \u00f3 privada, nacional \u00f3 extranjera.<\/span><\/p>\n<p style=\"text-align: justify;\"><span style=\"font-family: Montserrat; font-size: 12pt;\">Para la mejor consecuci\u00f3n de su fin, la Fundaci\u00f3n podr\u00e1 constituir y colaborar en la realizaci\u00f3n de proyectos promovidos por otras entidades sin fin de lucro, as\u00ed como aportar con este fin los recursos econ\u00f3micos y materiales que fuesen precisos.<\/span><\/p>\n<p style=\"text-align: justify;\"><span style=\"font-family: Montserrat; font-size: 12pt;\">Atendidas las circunstancias de cada momento, la Fundaci\u00f3n tendr\u00e1 plena libertad para proyectar su actuaci\u00f3n hacia cualquiera de las actividades expresadas en el presente art\u00edculo, o hacia otras subsumibles o relacionadas con ellas.<\/span><\/p>\n","protected":false},"excerpt":{"rendered":"<p>Fines fundacionales ART\u00cdCULO 5\u00ba. La Fundaci\u00f3n tiene por objeto la promoci\u00f3n de toda clase de iniciativas de asistencia social, inclusi\u00f3n social, y de cooperaci\u00f3n al desarrollo, destinadas a satisfacer las necesidades b\u00e1sicas de personas y colectividades que se encuentren en riesgo de exclusi\u00f3n social, y faciliten la investigaci\u00f3n y atenci\u00f3n de enfermedades con grandes \u00edndices de mortalidad. ART\u00cdCULO 6\u00ba. Para la consecuci\u00f3n de estos fines, la Fundaci\u00f3n podr\u00e1 realizar las siguientes actividades, que se enumeran a simple t\u00edtulo enunciativo y no limitativo: Conceder toda clase de ayudas econ\u00f3micas y asistenciales a personas f\u00edsicas en riesgo de exclusi\u00f3n social por no disponer de recursos econ\u00f3micos b\u00e1sicos para subsistir o padecer enfermedades con grandes \u00edndices de mortalidad. Promover directamente, o en colaboraci\u00f3n con otras entidades sin fin de lucro, proyectos de atenci\u00f3n a personas en situaci\u00f3n de vulnerabilidad, tales como: Centros educacionales y tutelares para menores y adultos, centros de tratamiento de drogodependientes, centros de acogida a personas sin hogar, centros de atenci\u00f3n a mujeres en situaci\u00f3n de riesgo social, y similares. Promover y financiar proyectos de cooperaci\u00f3n internacional al desarrollo para la asistencia a minor\u00edas \u00e9tnicas y el fomento de la ense\u00f1anza y la formaci\u00f3n de la juventud en pa\u00edses del Tercer Mundo, bien directamente, bien en colaboraci\u00f3n con otras entidades. Financiar la realizaci\u00f3n de proyectos de investigaci\u00f3n cient\u00edfica y m\u00e9dica, cursos, seminarios, publicaciones, etc. Sobre enfermedades con grandes \u00edndices de mortalidad. La Fundaci\u00f3n podr\u00e1 realizar sus actividades directamente o en colaboraci\u00f3n con otras entidades que persigan fines de inter\u00e9s general an\u00e1logos, y podr\u00e1 recabar la ayuda t\u00e9cnica y econ\u00f3mica de cualquier persona f\u00edsica \u00f3 jur\u00eddica, p\u00fablica \u00f3 privada, nacional \u00f3 extranjera. Para la mejor consecuci\u00f3n de su fin, la Fundaci\u00f3n podr\u00e1 constituir y colaborar en la realizaci\u00f3n de proyectos promovidos por otras entidades sin fin de lucro, as\u00ed como aportar con este fin los recursos econ\u00f3micos y materiales que fuesen precisos. Atendidas las circunstancias de cada momento, la Fundaci\u00f3n tendr\u00e1 plena libertad para proyectar su actuaci\u00f3n hacia cualquiera de las actividades expresadas en el presente art\u00edculo, o hacia otras subsumibles o relacionadas con ellas.<\/p>\n","protected":false},"author":1,"featured_media":0,"parent":0,"menu_order":0,"comment_status":"closed","ping_status":"closed","template":"","meta":[],"yoast_head":"<!-- This site is optimized with the Yoast SEO plugin v20.7 - https:\/\/yoast.com\/wordpress\/plugins\/seo\/ -->\n<title>Cap\u00edtulo II\u00b0 -<\/title>\n<meta name=\"robots\" content=\"index, follow, max-snippet:-1, max-image-preview:large, max-video-preview:-1\" \/>\n<link rel=\"canonical\" href=\"https:\/\/www.fundacionhayesperanza.org\/?page_id=263\" \/>\n<meta property=\"og:locale\" content=\"es_ES\" \/>\n<meta property=\"og:type\" content=\"article\" \/>\n<meta property=\"og:title\" content=\"Cap\u00edtulo II\u00b0 -\" \/>\n<meta property=\"og:description\" content=\"Fines fundacionales ART\u00cdCULO 5\u00ba. La Fundaci\u00f3n tiene por objeto la promoci\u00f3n de toda clase de iniciativas de asistencia social, inclusi\u00f3n social, y de cooperaci\u00f3n al desarrollo, destinadas a satisfacer las necesidades b\u00e1sicas de personas y colectividades que se encuentren en riesgo de exclusi\u00f3n social, y faciliten la investigaci\u00f3n y atenci\u00f3n de enfermedades con grandes \u00edndices de mortalidad. ART\u00cdCULO 6\u00ba. Para la consecuci\u00f3n de estos fines, la Fundaci\u00f3n podr\u00e1 realizar las siguientes actividades, que se enumeran a simple t\u00edtulo enunciativo y no limitativo: Conceder toda clase de ayudas econ\u00f3micas y asistenciales a personas f\u00edsicas en riesgo de exclusi\u00f3n social por no disponer de recursos econ\u00f3micos b\u00e1sicos para subsistir o padecer enfermedades con grandes \u00edndices de mortalidad. Promover directamente, o en colaboraci\u00f3n con otras entidades sin fin de lucro, proyectos de atenci\u00f3n a personas en situaci\u00f3n de vulnerabilidad, tales como: Centros educacionales y tutelares para menores y adultos, centros de tratamiento de drogodependientes, centros de acogida a personas sin hogar, centros de atenci\u00f3n a mujeres en situaci\u00f3n de riesgo social, y similares. Promover y financiar proyectos de cooperaci\u00f3n internacional al desarrollo para la asistencia a minor\u00edas \u00e9tnicas y el fomento de la ense\u00f1anza y la formaci\u00f3n de la juventud en pa\u00edses del Tercer Mundo, bien directamente, bien en colaboraci\u00f3n con otras entidades. Financiar la realizaci\u00f3n de proyectos de investigaci\u00f3n cient\u00edfica y m\u00e9dica, cursos, seminarios, publicaciones, etc. Sobre enfermedades con grandes \u00edndices de mortalidad. La Fundaci\u00f3n podr\u00e1 realizar sus actividades directamente o en colaboraci\u00f3n con otras entidades que persigan fines de inter\u00e9s general an\u00e1logos, y podr\u00e1 recabar la ayuda t\u00e9cnica y econ\u00f3mica de cualquier persona f\u00edsica \u00f3 jur\u00eddica, p\u00fablica \u00f3 privada, nacional \u00f3 extranjera. Para la mejor consecuci\u00f3n de su fin, la Fundaci\u00f3n podr\u00e1 constituir y colaborar en la realizaci\u00f3n de proyectos promovidos por otras entidades sin fin de lucro, as\u00ed como aportar con este fin los recursos econ\u00f3micos y materiales que fuesen precisos. Atendidas las circunstancias de cada momento, la Fundaci\u00f3n tendr\u00e1 plena libertad para proyectar su actuaci\u00f3n hacia cualquiera de las actividades expresadas en el presente art\u00edculo, o hacia otras subsumibles o relacionadas con ellas.\" \/>\n<meta property=\"og:url\" content=\"https:\/\/www.fundacionhayesperanza.org\/?page_id=263\" \/>\n<meta property=\"article:modified_time\" content=\"2020-07-17T14:37:56+00:00\" \/>\n<meta name=\"twitter:card\" content=\"summary_large_image\" \/>\n<meta name=\"twitter:label1\" content=\"Tiempo de lectura\" \/>\n\t<meta name=\"twitter:data1\" content=\"2 minutos\" \/>\n<script type=\"application\/ld+json\" class=\"yoast-schema-graph\">{\"@context\":\"https:\/\/schema.org\",\"@graph\":[{\"@type\":\"WebPage\",\"@id\":\"https:\/\/www.fundacionhayesperanza.org\/?page_id=263\",\"url\":\"https:\/\/www.fundacionhayesperanza.org\/?page_id=263\",\"name\":\"Cap\u00edtulo II\u00b0 -\",\"isPartOf\":{\"@id\":\"https:\/\/www.fundacionhayesperanza.org\/#website\"},\"datePublished\":\"2020-07-17T13:21:20+00:00\",\"dateModified\":\"2020-07-17T14:37:56+00:00\",\"breadcrumb\":{\"@id\":\"https:\/\/www.fundacionhayesperanza.org\/?page_id=263#breadcrumb\"},\"inLanguage\":\"es\",\"potentialAction\":[{\"@type\":\"ReadAction\",\"target\":[\"https:\/\/www.fundacionhayesperanza.org\/?page_id=263\"]}]},{\"@type\":\"BreadcrumbList\",\"@id\":\"https:\/\/www.fundacionhayesperanza.org\/?page_id=263#breadcrumb\",\"itemListElement\":[{\"@type\":\"ListItem\",\"position\":1,\"name\":\"Home\",\"item\":\"https:\/\/www.fundacionhayesperanza.org\/\"},{\"@type\":\"ListItem\",\"position\":2,\"name\":\"Cap\u00edtulo II\u00b0\"}]},{\"@type\":\"WebSite\",\"@id\":\"https:\/\/www.fundacionhayesperanza.org\/#website\",\"url\":\"https:\/\/www.fundacionhayesperanza.org\/\",\"name\":\"\",\"description\":\"\",\"potentialAction\":[{\"@type\":\"SearchAction\",\"target\":{\"@type\":\"EntryPoint\",\"urlTemplate\":\"https:\/\/www.fundacionhayesperanza.org\/?s={search_term_string}\"},\"query-input\":\"required name=search_term_string\"}],\"inLanguage\":\"es\"}]}<\/script>\n<!-- \/ Yoast SEO plugin. -->","yoast_head_json":{"title":"Cap\u00edtulo II\u00b0 -","robots":{"index":"index","follow":"follow","max-snippet":"max-snippet:-1","max-image-preview":"max-image-preview:large","max-video-preview":"max-video-preview:-1"},"canonical":"https:\/\/www.fundacionhayesperanza.org\/?page_id=263","og_locale":"es_ES","og_type":"article","og_title":"Cap\u00edtulo II\u00b0 -","og_description":"Fines fundacionales ART\u00cdCULO 5\u00ba. La Fundaci\u00f3n tiene por objeto la promoci\u00f3n de toda clase de iniciativas de asistencia social, inclusi\u00f3n social, y de cooperaci\u00f3n al desarrollo, destinadas a satisfacer las necesidades b\u00e1sicas de personas y colectividades que se encuentren en riesgo de exclusi\u00f3n social, y faciliten la investigaci\u00f3n y atenci\u00f3n de enfermedades con grandes \u00edndices de mortalidad. ART\u00cdCULO 6\u00ba. Para la consecuci\u00f3n de estos fines, la Fundaci\u00f3n podr\u00e1 realizar las siguientes actividades, que se enumeran a simple t\u00edtulo enunciativo y no limitativo: Conceder toda clase de ayudas econ\u00f3micas y asistenciales a personas f\u00edsicas en riesgo de exclusi\u00f3n social por no disponer de recursos econ\u00f3micos b\u00e1sicos para subsistir o padecer enfermedades con grandes \u00edndices de mortalidad. Promover directamente, o en colaboraci\u00f3n con otras entidades sin fin de lucro, proyectos de atenci\u00f3n a personas en situaci\u00f3n de vulnerabilidad, tales como: Centros educacionales y tutelares para menores y adultos, centros de tratamiento de drogodependientes, centros de acogida a personas sin hogar, centros de atenci\u00f3n a mujeres en situaci\u00f3n de riesgo social, y similares. Promover y financiar proyectos de cooperaci\u00f3n internacional al desarrollo para la asistencia a minor\u00edas \u00e9tnicas y el fomento de la ense\u00f1anza y la formaci\u00f3n de la juventud en pa\u00edses del Tercer Mundo, bien directamente, bien en colaboraci\u00f3n con otras entidades. Financiar la realizaci\u00f3n de proyectos de investigaci\u00f3n cient\u00edfica y m\u00e9dica, cursos, seminarios, publicaciones, etc. Sobre enfermedades con grandes \u00edndices de mortalidad. La Fundaci\u00f3n podr\u00e1 realizar sus actividades directamente o en colaboraci\u00f3n con otras entidades que persigan fines de inter\u00e9s general an\u00e1logos, y podr\u00e1 recabar la ayuda t\u00e9cnica y econ\u00f3mica de cualquier persona f\u00edsica \u00f3 jur\u00eddica, p\u00fablica \u00f3 privada, nacional \u00f3 extranjera. Para la mejor consecuci\u00f3n de su fin, la Fundaci\u00f3n podr\u00e1 constituir y colaborar en la realizaci\u00f3n de proyectos promovidos por otras entidades sin fin de lucro, as\u00ed como aportar con este fin los recursos econ\u00f3micos y materiales que fuesen precisos. Atendidas las circunstancias de cada momento, la Fundaci\u00f3n tendr\u00e1 plena libertad para proyectar su actuaci\u00f3n hacia cualquiera de las actividades expresadas en el presente art\u00edculo, o hacia otras subsumibles o relacionadas con ellas.","og_url":"https:\/\/www.fundacionhayesperanza.org\/?page_id=263","article_modified_time":"2020-07-17T14:37:56+00:00","twitter_card":"summary_large_image","twitter_misc":{"Tiempo de lectura":"2 minutos"},"schema":{"@context":"https:\/\/schema.org","@graph":[{"@type":"WebPage","@id":"https:\/\/www.fundacionhayesperanza.org\/?page_id=263","url":"https:\/\/www.fundacionhayesperanza.org\/?page_id=263","name":"Cap\u00edtulo II\u00b0 -","isPartOf":{"@id":"https:\/\/www.fundacionhayesperanza.org\/#website"},"datePublished":"2020-07-17T13:21:20+00:00","dateModified":"2020-07-17T14:37:56+00:00","breadcrumb":{"@id":"https:\/\/www.fundacionhayesperanza.org\/?page_id=263#breadcrumb"},"inLanguage":"es","potentialAction":[{"@type":"ReadAction","target":["https:\/\/www.fundacionhayesperanza.org\/?page_id=263"]}]},{"@type":"BreadcrumbList","@id":"https:\/\/www.fundacionhayesperanza.org\/?page_id=263#breadcrumb","itemListElement":[{"@type":"ListItem","position":1,"name":"Home","item":"https:\/\/www.fundacionhayesperanza.org\/"},{"@type":"ListItem","position":2,"name":"Cap\u00edtulo II\u00b0"}]},{"@type":"WebSite","@id":"https:\/\/www.fundacionhayesperanza.org\/#website","url":"https:\/\/www.fundacionhayesperanza.org\/","name":"","description":"","potentialAction":[{"@type":"SearchAction","target":{"@type":"EntryPoint","urlTemplate":"https:\/\/www.fundacionhayesperanza.org\/?s={search_term_string}"},"query-input":"required name=search_term_string"}],"inLanguage":"es"}]}},"_links":{"self":[{"href":"https:\/\/www.fundacionhayesperanza.org\/index.php?rest_route=\/wp\/v2\/pages\/263"}],"collection":[{"href":"https:\/\/www.fundacionhayesperanza.org\/index.php?rest_route=\/wp\/v2\/pages"}],"about":[{"href":"https:\/\/www.fundacionhayesperanza.org\/index.php?rest_route=\/wp\/v2\/types\/page"}],"author":[{"embeddable":true,"href":"https:\/\/www.fundacionhayesperanza.org\/index.php?rest_route=\/wp\/v2\/users\/1"}],"replies":[{"embeddable":true,"href":"https:\/\/www.fundacionhayesperanza.org\/index.php?rest_route=%2Fwp%2Fv2%2Fcomments&post=263"}],"version-history":[{"count":3,"href":"https:\/\/www.fundacionhayesperanza.org\/index.php?rest_route=\/wp\/v2\/pages\/263\/revisions"}],"predecessor-version":[{"id":289,"href":"https:\/\/www.fundacionhayesperanza.org\/index.php?rest_route=\/wp\/v2\/pages\/263\/revisions\/289"}],"wp:attachment":[{"href":"https:\/\/www.fundacionhayesperanza.org\/index.php?rest_route=%2Fwp%2Fv2%2Fmedia&parent=263"}],"curies":[{"name":"wp","href":"https:\/\/api.w.org\/{rel}","templated":true}]}}