{"id":26,"date":"2020-07-12T15:50:16","date_gmt":"2020-07-12T13:50:16","guid":{"rendered":"http:\/\/www.fundacionhayesperanza.org\/?page_id=26"},"modified":"2020-12-17T07:42:32","modified_gmt":"2020-12-17T06:42:32","slug":"quienes-somos","status":"publish","type":"page","link":"https:\/\/www.fundacionhayesperanza.org\/","title":{"rendered":"Qui\u00e9nes somos"},"content":{"rendered":"\n<div style=\"height:42px\" aria-hidden=\"true\" class=\"wp-block-spacer\"><\/div>\n\n\n\n<p style=\"text-align: justify;\"><span style=\"color: #333399;\"><span style=\"font-family: Montserrat; color: #333333;\"><strong>HAY ESPERANZA<\/strong> nace de la vocaci\u00f3n de su fundadora, Dolores Garc\u00eda del Real, de ayudar a los m\u00e1s necesitados y pobres de la Tierra y a aquellos que sufren enfermedades con un alto \u00edndice de mortalidad, desahuciados por no tener esperanza de cura. Tambi\u00e9n la de asistir a minor\u00edas \u00e9tnicas, fomentar la ense\u00f1anza y la formaci\u00f3n de la juventud en Espa\u00f1a y pa\u00edses del Tercer Mundo y el deseo de financiar proyectos de investigaci\u00f3n cient\u00edfica y m\u00e9dica, preferiblemente contra la lucha del C\u00e1ncer.<\/span><br \/><\/span><\/p>\n\n\n\n<p style=\"text-align: justify;\"><span style=\"font-family: Montserrat; color: #333333;\">Muchos de los que ahora formamos el \u00f3rgano de gobierno tuvimos la fortuna de trabajar con ella en una etapa anterior, y todos y cada uno la suerte de haberla tenido a nuestro lado. Debido a ello, nos sentimos muy orgullosos de poner en marcha esta fundaci\u00f3n, queremos destacar que fue una mujer humilde, muy trabajadora, luchadora y que nunca perdi\u00f3 la ESPERANZA ante las pruebas de la vida.<\/span><\/p>\n\n\n\n<p style=\"text-align: justify;\"><span style=\"color: #333333; font-family: Montserrat;\"> Nos dedicamos a la promoci\u00f3n de toda clase de iniciativas de asistencia social, inclusi\u00f3n social, y de cooperaci\u00f3n al desarrollo, destinadas a satisfacer las necesidades b\u00e1sicas de personas y colectividades que se encuentren en riesgo de exclusi\u00f3n social, y faciliten la investigaci\u00f3n y atenci\u00f3n de enfermedades con grandes \u00edndices de mortalidad.<\/span><\/p>\n\n\n\n<hr class=\"wp-block-separator\"\/>\n\n\n\n<p style=\"text-align: justify;\"><span style=\"font-family: Montserrat; color: #333333;\">Lola Garc\u00eda del Real fue una gran profesional del mundo de la moda, mujer pionera en Espa\u00f1a que introdujo prestigiosas firmas de importantes dise\u00f1adores en el mercado Espa\u00f1ol al inicio de los 90\u2019s.<\/span><\/p>\n\n\n\n<div class=\"wp-block-image\"><figure class=\"aligncenter size-medium is-resized\"><img decoding=\"async\" loading=\"lazy\" src=\"http:\/\/www.fundacionhayesperanza.org\/wp-content\/uploads\/2020\/07\/lola-210x300.jpg\" alt=\"\" class=\"wp-image-67\" width=\"158\" height=\"225\" srcset=\"https:\/\/www.fundacionhayesperanza.org\/wp-content\/uploads\/2020\/07\/lola-210x300.jpg 210w, https:\/\/www.fundacionhayesperanza.org\/wp-content\/uploads\/2020\/07\/lola.jpg 419w\" sizes=\"(max-width: 158px) 100vw, 158px\" \/><\/figure><\/div>\n\n\n\n<p style=\"text-align: justify;\">En su \u00faltima etapa de la vida no quiso dejar de lado la llamada de vocaci\u00f3n de ayuda que sent\u00eda y cre\u00f3 esta Fundaci\u00f3n para albergar siempre ESPERANZA a los m\u00e1s desfavorecidos. No hay manera m\u00e1s bonita de materializar todo el esfuerzo de una vida de trabajo en la ayuda a los dem\u00e1s.<\/p>\n\n\n\n<div style=\"height:20px\" aria-hidden=\"true\" class=\"wp-block-spacer\"><\/div>\n\n\n\n<hr class=\"wp-block-separator\"\/>\n\n\n\n<h4 style=\"text-align: center;\"><span style=\"font-family: Montserrat; font-size: 14pt; color: #99cc66;\">NUESTRA MISI\u00d3N<\/span><\/h4>\n<p style=\"text-align: justify;\"><span style=\"color: #333333; font-family: Montserrat;\">Poner a disposici\u00f3n de una demanda social nuestro patrimonio te\u00f3rico, pr\u00e1ctico y relacional con el \u00e1nimo de contribuir a disminuir la exclusi\u00f3n social y vulnerabilidad en personas y colectividades, principalmente mujeres, as\u00ed como la financiaci\u00f3n de proyectos de investigaci\u00f3n m\u00e9dica para la atenci\u00f3n de enfermedades con grandes \u00edndices de mortalidad.<\/span><\/p>\n\n\n\n<div style=\"height:64px\" aria-hidden=\"true\" class=\"wp-block-spacer\"><\/div>\n\n\n\n<div class=\"wp-block-image\"><figure class=\"alignright size-large is-resized\"><a href=\"http:\/\/www.fundaciones.org\/es\/inicio\"><img decoding=\"async\" loading=\"lazy\" src=\"http:\/\/www.fundacionhayesperanza.org\/wp-content\/uploads\/2020\/07\/logo_aef.png\" alt=\"\" class=\"wp-image-115\" width=\"73\" height=\"53\" srcset=\"https:\/\/www.fundacionhayesperanza.org\/wp-content\/uploads\/2020\/07\/logo_aef.png 603w, https:\/\/www.fundacionhayesperanza.org\/wp-content\/uploads\/2020\/07\/logo_aef-300x216.png 300w\" sizes=\"(max-width: 73px) 100vw, 73px\" \/><\/a><\/figure><\/div>\n\n\n\n<p style=\"text-align: right;\"><span style=\"font-family: Montserrat; color: #333333;\">Fundaci\u00f3n Hay Esperanza es miembro de la<\/span><\/p>\n\n\n\n<p><\/p>\n","protected":false},"excerpt":{"rendered":"<p>HAY ESPERANZA nace de la vocaci\u00f3n de su fundadora, Dolores Garc\u00eda del Real, de ayudar a los m\u00e1s necesitados y pobres de la Tierra y a aquellos que sufren enfermedades con un alto \u00edndice de mortalidad, desahuciados por no tener esperanza de cura. Tambi\u00e9n la de asistir a minor\u00edas \u00e9tnicas, fomentar la ense\u00f1anza y la formaci\u00f3n de la juventud en Espa\u00f1a y pa\u00edses del Tercer Mundo y el deseo de financiar proyectos de investigaci\u00f3n cient\u00edfica y m\u00e9dica, preferiblemente contra la lucha del C\u00e1ncer. Muchos de los que ahora formamos el \u00f3rgano de gobierno tuvimos la fortuna de trabajar con ella en una etapa anterior, y todos y cada uno la suerte de haberla tenido a nuestro lado. Debido a ello, nos sentimos muy orgullosos de poner en marcha esta fundaci\u00f3n, queremos destacar que fue una mujer humilde, muy trabajadora, luchadora y que nunca perdi\u00f3 la ESPERANZA ante las pruebas de la vida. Nos dedicamos a la promoci\u00f3n de toda clase de iniciativas de asistencia social, inclusi\u00f3n social, y de cooperaci\u00f3n al desarrollo, destinadas a satisfacer las necesidades b\u00e1sicas de personas y colectividades que se encuentren en riesgo de exclusi\u00f3n social, y faciliten la investigaci\u00f3n y atenci\u00f3n de enfermedades con grandes \u00edndices de mortalidad. Lola Garc\u00eda del Real fue una gran profesional del mundo de la moda, mujer pionera en Espa\u00f1a que introdujo prestigiosas firmas de importantes dise\u00f1adores en el mercado Espa\u00f1ol al inicio de los 90\u2019s. En su \u00faltima etapa de la vida no quiso dejar de lado la llamada de vocaci\u00f3n de ayuda que sent\u00eda y cre\u00f3 esta Fundaci\u00f3n para albergar siempre ESPERANZA a los m\u00e1s desfavorecidos. No hay manera m\u00e1s bonita de materializar todo el esfuerzo de una vida de trabajo en la ayuda a los dem\u00e1s. NUESTRA MISI\u00d3N Poner a disposici\u00f3n de una demanda social nuestro patrimonio te\u00f3rico, pr\u00e1ctico y relacional con el \u00e1nimo de contribuir a disminuir la exclusi\u00f3n social y vulnerabilidad en personas y colectividades, principalmente mujeres, as\u00ed como la financiaci\u00f3n de proyectos de investigaci\u00f3n m\u00e9dica para la atenci\u00f3n de enfermedades con grandes \u00edndices de mortalidad. Fundaci\u00f3n Hay Esperanza es miembro de la<\/p>\n","protected":false},"author":1,"featured_media":0,"parent":0,"menu_order":0,"comment_status":"closed","ping_status":"closed","template":"","meta":[],"yoast_head":"<!-- This site is optimized with the Yoast SEO plugin v20.7 - https:\/\/yoast.com\/wordpress\/plugins\/seo\/ -->\n<title>Qui\u00e9nes somos -<\/title>\n<meta name=\"robots\" content=\"index, follow, max-snippet:-1, max-image-preview:large, max-video-preview:-1\" \/>\n<link rel=\"canonical\" href=\"https:\/\/www.fundacionhayesperanza.org\/\" \/>\n<meta property=\"og:locale\" content=\"es_ES\" \/>\n<meta property=\"og:type\" content=\"article\" \/>\n<meta property=\"og:title\" content=\"Qui\u00e9nes somos -\" \/>\n<meta property=\"og:description\" content=\"HAY ESPERANZA nace de la vocaci\u00f3n de su fundadora, Dolores Garc\u00eda del Real, de ayudar a los m\u00e1s necesitados y pobres de la Tierra y a aquellos que sufren enfermedades con un alto \u00edndice de mortalidad, desahuciados por no tener esperanza de cura. Tambi\u00e9n la de asistir a minor\u00edas \u00e9tnicas, fomentar la ense\u00f1anza y la formaci\u00f3n de la juventud en Espa\u00f1a y pa\u00edses del Tercer Mundo y el deseo de financiar proyectos de investigaci\u00f3n cient\u00edfica y m\u00e9dica, preferiblemente contra la lucha del C\u00e1ncer. Muchos de los que ahora formamos el \u00f3rgano de gobierno tuvimos la fortuna de trabajar con ella en una etapa anterior, y todos y cada uno la suerte de haberla tenido a nuestro lado. Debido a ello, nos sentimos muy orgullosos de poner en marcha esta fundaci\u00f3n, queremos destacar que fue una mujer humilde, muy trabajadora, luchadora y que nunca perdi\u00f3 la ESPERANZA ante las pruebas de la vida. Nos dedicamos a la promoci\u00f3n de toda clase de iniciativas de asistencia social, inclusi\u00f3n social, y de cooperaci\u00f3n al desarrollo, destinadas a satisfacer las necesidades b\u00e1sicas de personas y colectividades que se encuentren en riesgo de exclusi\u00f3n social, y faciliten la investigaci\u00f3n y atenci\u00f3n de enfermedades con grandes \u00edndices de mortalidad. Lola Garc\u00eda del Real fue una gran profesional del mundo de la moda, mujer pionera en Espa\u00f1a que introdujo prestigiosas firmas de importantes dise\u00f1adores en el mercado Espa\u00f1ol al inicio de los 90\u2019s. En su \u00faltima etapa de la vida no quiso dejar de lado la llamada de vocaci\u00f3n de ayuda que sent\u00eda y cre\u00f3 esta Fundaci\u00f3n para albergar siempre ESPERANZA a los m\u00e1s desfavorecidos. No hay manera m\u00e1s bonita de materializar todo el esfuerzo de una vida de trabajo en la ayuda a los dem\u00e1s. NUESTRA MISI\u00d3N Poner a disposici\u00f3n de una demanda social nuestro patrimonio te\u00f3rico, pr\u00e1ctico y relacional con el \u00e1nimo de contribuir a disminuir la exclusi\u00f3n social y vulnerabilidad en personas y colectividades, principalmente mujeres, as\u00ed como la financiaci\u00f3n de proyectos de investigaci\u00f3n m\u00e9dica para la atenci\u00f3n de enfermedades con grandes \u00edndices de mortalidad. Fundaci\u00f3n Hay Esperanza es miembro de la\" \/>\n<meta property=\"og:url\" content=\"https:\/\/www.fundacionhayesperanza.org\/\" \/>\n<meta property=\"article:modified_time\" content=\"2020-12-17T06:42:32+00:00\" \/>\n<meta property=\"og:image\" content=\"http:\/\/www.fundacionhayesperanza.org\/wp-content\/uploads\/2020\/07\/lola-210x300.jpg\" \/>\n<meta name=\"twitter:card\" content=\"summary_large_image\" \/>\n<meta name=\"twitter:label1\" content=\"Tiempo de lectura\" \/>\n\t<meta name=\"twitter:data1\" content=\"2 minutos\" \/>\n<script type=\"application\/ld+json\" class=\"yoast-schema-graph\">{\"@context\":\"https:\/\/schema.org\",\"@graph\":[{\"@type\":\"WebPage\",\"@id\":\"https:\/\/www.fundacionhayesperanza.org\/\",\"url\":\"https:\/\/www.fundacionhayesperanza.org\/\",\"name\":\"Qui\u00e9nes somos -\",\"isPartOf\":{\"@id\":\"https:\/\/www.fundacionhayesperanza.org\/#website\"},\"datePublished\":\"2020-07-12T13:50:16+00:00\",\"dateModified\":\"2020-12-17T06:42:32+00:00\",\"breadcrumb\":{\"@id\":\"https:\/\/www.fundacionhayesperanza.org\/#breadcrumb\"},\"inLanguage\":\"es\",\"potentialAction\":[{\"@type\":\"ReadAction\",\"target\":[\"https:\/\/www.fundacionhayesperanza.org\/\"]}]},{\"@type\":\"BreadcrumbList\",\"@id\":\"https:\/\/www.fundacionhayesperanza.org\/#breadcrumb\",\"itemListElement\":[{\"@type\":\"ListItem\",\"position\":1,\"name\":\"Home\",\"item\":\"https:\/\/www.fundacionhayesperanza.org\/\"},{\"@type\":\"ListItem\",\"position\":2,\"name\":\"Qui\u00e9nes somos\"}]},{\"@type\":\"WebSite\",\"@id\":\"https:\/\/www.fundacionhayesperanza.org\/#website\",\"url\":\"https:\/\/www.fundacionhayesperanza.org\/\",\"name\":\"\",\"description\":\"\",\"potentialAction\":[{\"@type\":\"SearchAction\",\"target\":{\"@type\":\"EntryPoint\",\"urlTemplate\":\"https:\/\/www.fundacionhayesperanza.org\/?s={search_term_string}\"},\"query-input\":\"required name=search_term_string\"}],\"inLanguage\":\"es\"}]}<\/script>\n<!-- \/ Yoast SEO plugin. -->","yoast_head_json":{"title":"Qui\u00e9nes somos -","robots":{"index":"index","follow":"follow","max-snippet":"max-snippet:-1","max-image-preview":"max-image-preview:large","max-video-preview":"max-video-preview:-1"},"canonical":"https:\/\/www.fundacionhayesperanza.org\/","og_locale":"es_ES","og_type":"article","og_title":"Qui\u00e9nes somos -","og_description":"HAY ESPERANZA nace de la vocaci\u00f3n de su fundadora, Dolores Garc\u00eda del Real, de ayudar a los m\u00e1s necesitados y pobres de la Tierra y a aquellos que sufren enfermedades con un alto \u00edndice de mortalidad, desahuciados por no tener esperanza de cura. Tambi\u00e9n la de asistir a minor\u00edas \u00e9tnicas, fomentar la ense\u00f1anza y la formaci\u00f3n de la juventud en Espa\u00f1a y pa\u00edses del Tercer Mundo y el deseo de financiar proyectos de investigaci\u00f3n cient\u00edfica y m\u00e9dica, preferiblemente contra la lucha del C\u00e1ncer. Muchos de los que ahora formamos el \u00f3rgano de gobierno tuvimos la fortuna de trabajar con ella en una etapa anterior, y todos y cada uno la suerte de haberla tenido a nuestro lado. Debido a ello, nos sentimos muy orgullosos de poner en marcha esta fundaci\u00f3n, queremos destacar que fue una mujer humilde, muy trabajadora, luchadora y que nunca perdi\u00f3 la ESPERANZA ante las pruebas de la vida. Nos dedicamos a la promoci\u00f3n de toda clase de iniciativas de asistencia social, inclusi\u00f3n social, y de cooperaci\u00f3n al desarrollo, destinadas a satisfacer las necesidades b\u00e1sicas de personas y colectividades que se encuentren en riesgo de exclusi\u00f3n social, y faciliten la investigaci\u00f3n y atenci\u00f3n de enfermedades con grandes \u00edndices de mortalidad. Lola Garc\u00eda del Real fue una gran profesional del mundo de la moda, mujer pionera en Espa\u00f1a que introdujo prestigiosas firmas de importantes dise\u00f1adores en el mercado Espa\u00f1ol al inicio de los 90\u2019s. En su \u00faltima etapa de la vida no quiso dejar de lado la llamada de vocaci\u00f3n de ayuda que sent\u00eda y cre\u00f3 esta Fundaci\u00f3n para albergar siempre ESPERANZA a los m\u00e1s desfavorecidos. No hay manera m\u00e1s bonita de materializar todo el esfuerzo de una vida de trabajo en la ayuda a los dem\u00e1s. NUESTRA MISI\u00d3N Poner a disposici\u00f3n de una demanda social nuestro patrimonio te\u00f3rico, pr\u00e1ctico y relacional con el \u00e1nimo de contribuir a disminuir la exclusi\u00f3n social y vulnerabilidad en personas y colectividades, principalmente mujeres, as\u00ed como la financiaci\u00f3n de proyectos de investigaci\u00f3n m\u00e9dica para la atenci\u00f3n de enfermedades con grandes \u00edndices de mortalidad. Fundaci\u00f3n Hay Esperanza es miembro de la","og_url":"https:\/\/www.fundacionhayesperanza.org\/","article_modified_time":"2020-12-17T06:42:32+00:00","og_image":[{"url":"http:\/\/www.fundacionhayesperanza.org\/wp-content\/uploads\/2020\/07\/lola-210x300.jpg"}],"twitter_card":"summary_large_image","twitter_misc":{"Tiempo de lectura":"2 minutos"},"schema":{"@context":"https:\/\/schema.org","@graph":[{"@type":"WebPage","@id":"https:\/\/www.fundacionhayesperanza.org\/","url":"https:\/\/www.fundacionhayesperanza.org\/","name":"Qui\u00e9nes somos -","isPartOf":{"@id":"https:\/\/www.fundacionhayesperanza.org\/#website"},"datePublished":"2020-07-12T13:50:16+00:00","dateModified":"2020-12-17T06:42:32+00:00","breadcrumb":{"@id":"https:\/\/www.fundacionhayesperanza.org\/#breadcrumb"},"inLanguage":"es","potentialAction":[{"@type":"ReadAction","target":["https:\/\/www.fundacionhayesperanza.org\/"]}]},{"@type":"BreadcrumbList","@id":"https:\/\/www.fundacionhayesperanza.org\/#breadcrumb","itemListElement":[{"@type":"ListItem","position":1,"name":"Home","item":"https:\/\/www.fundacionhayesperanza.org\/"},{"@type":"ListItem","position":2,"name":"Qui\u00e9nes somos"}]},{"@type":"WebSite","@id":"https:\/\/www.fundacionhayesperanza.org\/#website","url":"https:\/\/www.fundacionhayesperanza.org\/","name":"","description":"","potentialAction":[{"@type":"SearchAction","target":{"@type":"EntryPoint","urlTemplate":"https:\/\/www.fundacionhayesperanza.org\/?s={search_term_string}"},"query-input":"required name=search_term_string"}],"inLanguage":"es"}]}},"_links":{"self":[{"href":"https:\/\/www.fundacionhayesperanza.org\/index.php?rest_route=\/wp\/v2\/pages\/26"}],"collection":[{"href":"https:\/\/www.fundacionhayesperanza.org\/index.php?rest_route=\/wp\/v2\/pages"}],"about":[{"href":"https:\/\/www.fundacionhayesperanza.org\/index.php?rest_route=\/wp\/v2\/types\/page"}],"author":[{"embeddable":true,"href":"https:\/\/www.fundacionhayesperanza.org\/index.php?rest_route=\/wp\/v2\/users\/1"}],"replies":[{"embeddable":true,"href":"https:\/\/www.fundacionhayesperanza.org\/index.php?rest_route=%2Fwp%2Fv2%2Fcomments&post=26"}],"version-history":[{"count":41,"href":"https:\/\/www.fundacionhayesperanza.org\/index.php?rest_route=\/wp\/v2\/pages\/26\/revisions"}],"predecessor-version":[{"id":497,"href":"https:\/\/www.fundacionhayesperanza.org\/index.php?rest_route=\/wp\/v2\/pages\/26\/revisions\/497"}],"wp:attachment":[{"href":"https:\/\/www.fundacionhayesperanza.org\/index.php?rest_route=%2Fwp%2Fv2%2Fmedia&parent=26"}],"curies":[{"name":"wp","href":"https:\/\/api.w.org\/{rel}","templated":true}]}}