{"id":258,"date":"2020-07-17T15:17:36","date_gmt":"2020-07-17T13:17:36","guid":{"rendered":"http:\/\/www.fundacionhayesperanza.org\/?page_id=258"},"modified":"2020-11-12T13:43:55","modified_gmt":"2020-11-12T12:43:55","slug":"capitulo-1","status":"publish","type":"page","link":"https:\/\/www.fundacionhayesperanza.org\/?page_id=258","title":{"rendered":"Cap\u00edtulo I\u00b0"},"content":{"rendered":"\n<h2 style=\"text-align: center;\"><span style=\"font-size: 14pt;\">Denominaci\u00f3n, r\u00e9gimen, \u00e1mbito y domicilio<\/span><\/h2>\n\n\n\n<p style=\"text-align: justify;\"><span style=\"font-size: 12pt;\">ART\u00cdCULO 1\u00ba. La FUNDACI\u00d3N HAY ESPERANZA es una organizaci\u00f3n privada de naturaleza fundacional con personalidad jur\u00eddica propia y plena capacidad de obrar, que carece de \u00e1nimo de lucro y tiene afectado de modo duradero su patrimonio a la realizaci\u00f3n de fines de inter\u00e9s general.<\/span><\/p>\n<p style=\"text-align: justify;\"><span style=\"font-size: 12pt;\">ART\u00cdCULO 2\u00ba. La Fundaci\u00f3n se regir\u00e1 por la Ley 1\/1998, de 2 de marzo, de Fundaciones de la Comunidad de Madrid y las dem\u00e1s disposiciones legales vigentes, por la voluntad del fundador manifestada en la Escritura de constituci\u00f3n y en estos Estatutos, as\u00ed como por las normas y disposiciones que, en interpretaci\u00f3n y desarrollo de los mismos Estatutos, establezca el Patronato.<\/span><\/p>\n<p style=\"text-align: justify;\"><span style=\"font-size: 12pt;\">ART\u00cdCULO 3\u00ba. El cumplimiento de los fines fundacionales as\u00ed como la interpretaci\u00f3n y ejecuci\u00f3n de la voluntad del fundador quedan confiados al Patronato, sin otras limitaciones que las establecidas por estos Estatutos y por la legislaci\u00f3n vigente sobre fundaciones.<\/span><\/p>\n<p style=\"text-align: justify;\"><span style=\"font-size: 12pt;\">ART\u00cdCULO 4\u00ba. La Fundaci\u00f3n es de duraci\u00f3n ilimitada y desarrollar\u00e1 sus actividades principalmente, en el \u00e1mbito de la Comunidad de Aut\u00f3noma de Madrid. El domicilio radicar\u00e1 en\u00a0 Madrid, Calle Santa Engracia, 15 1\u00ba izq. El Patronato podr\u00e1 trasladar el domicilio de la Fundaci\u00f3n conforme lo dispuesto en la Ley.<\/span><\/p>\n","protected":false},"excerpt":{"rendered":"<p>Denominaci\u00f3n, r\u00e9gimen, \u00e1mbito y domicilio ART\u00cdCULO 1\u00ba. La FUNDACI\u00d3N HAY ESPERANZA es una organizaci\u00f3n privada de naturaleza fundacional con personalidad jur\u00eddica propia y plena capacidad de obrar, que carece de \u00e1nimo de lucro y tiene afectado de modo duradero su patrimonio a la realizaci\u00f3n de fines de inter\u00e9s general. ART\u00cdCULO 2\u00ba. La Fundaci\u00f3n se regir\u00e1 por la Ley 1\/1998, de 2 de marzo, de Fundaciones de la Comunidad de Madrid y las dem\u00e1s disposiciones legales vigentes, por la voluntad del fundador manifestada en la Escritura de constituci\u00f3n y en estos Estatutos, as\u00ed como por las normas y disposiciones que, en interpretaci\u00f3n y desarrollo de los mismos Estatutos, establezca el Patronato. ART\u00cdCULO 3\u00ba. El cumplimiento de los fines fundacionales as\u00ed como la interpretaci\u00f3n y ejecuci\u00f3n de la voluntad del fundador quedan confiados al Patronato, sin otras limitaciones que las establecidas por estos Estatutos y por la legislaci\u00f3n vigente sobre fundaciones. ART\u00cdCULO 4\u00ba. La Fundaci\u00f3n es de duraci\u00f3n ilimitada y desarrollar\u00e1 sus actividades principalmente, en el \u00e1mbito de la Comunidad de Aut\u00f3noma de Madrid. El domicilio radicar\u00e1 en\u00a0 Madrid, Calle Santa Engracia, 15 1\u00ba izq. El Patronato podr\u00e1 trasladar el domicilio de la Fundaci\u00f3n conforme lo dispuesto en la Ley.<\/p>\n","protected":false},"author":1,"featured_media":0,"parent":0,"menu_order":0,"comment_status":"closed","ping_status":"closed","template":"","meta":[],"yoast_head":"<!-- This site is optimized with the Yoast SEO plugin v20.7 - https:\/\/yoast.com\/wordpress\/plugins\/seo\/ -->\n<title>Cap\u00edtulo I\u00b0 -<\/title>\n<meta name=\"robots\" content=\"index, follow, max-snippet:-1, max-image-preview:large, max-video-preview:-1\" \/>\n<link rel=\"canonical\" href=\"https:\/\/www.fundacionhayesperanza.org\/?page_id=258\" \/>\n<meta property=\"og:locale\" content=\"es_ES\" \/>\n<meta property=\"og:type\" content=\"article\" \/>\n<meta property=\"og:title\" content=\"Cap\u00edtulo I\u00b0 -\" \/>\n<meta property=\"og:description\" content=\"Denominaci\u00f3n, r\u00e9gimen, \u00e1mbito y domicilio ART\u00cdCULO 1\u00ba. La FUNDACI\u00d3N HAY ESPERANZA es una organizaci\u00f3n privada de naturaleza fundacional con personalidad jur\u00eddica propia y plena capacidad de obrar, que carece de \u00e1nimo de lucro y tiene afectado de modo duradero su patrimonio a la realizaci\u00f3n de fines de inter\u00e9s general. ART\u00cdCULO 2\u00ba. La Fundaci\u00f3n se regir\u00e1 por la Ley 1\/1998, de 2 de marzo, de Fundaciones de la Comunidad de Madrid y las dem\u00e1s disposiciones legales vigentes, por la voluntad del fundador manifestada en la Escritura de constituci\u00f3n y en estos Estatutos, as\u00ed como por las normas y disposiciones que, en interpretaci\u00f3n y desarrollo de los mismos Estatutos, establezca el Patronato. ART\u00cdCULO 3\u00ba. El cumplimiento de los fines fundacionales as\u00ed como la interpretaci\u00f3n y ejecuci\u00f3n de la voluntad del fundador quedan confiados al Patronato, sin otras limitaciones que las establecidas por estos Estatutos y por la legislaci\u00f3n vigente sobre fundaciones. ART\u00cdCULO 4\u00ba. La Fundaci\u00f3n es de duraci\u00f3n ilimitada y desarrollar\u00e1 sus actividades principalmente, en el \u00e1mbito de la Comunidad de Aut\u00f3noma de Madrid. El domicilio radicar\u00e1 en\u00a0 Madrid, Calle Santa Engracia, 15 1\u00ba izq. El Patronato podr\u00e1 trasladar el domicilio de la Fundaci\u00f3n conforme lo dispuesto en la Ley.\" \/>\n<meta property=\"og:url\" content=\"https:\/\/www.fundacionhayesperanza.org\/?page_id=258\" \/>\n<meta property=\"article:modified_time\" content=\"2020-11-12T12:43:55+00:00\" \/>\n<meta name=\"twitter:card\" content=\"summary_large_image\" \/>\n<meta name=\"twitter:label1\" content=\"Tiempo de lectura\" \/>\n\t<meta name=\"twitter:data1\" content=\"1 minuto\" \/>\n<script type=\"application\/ld+json\" class=\"yoast-schema-graph\">{\"@context\":\"https:\/\/schema.org\",\"@graph\":[{\"@type\":\"WebPage\",\"@id\":\"https:\/\/www.fundacionhayesperanza.org\/?page_id=258\",\"url\":\"https:\/\/www.fundacionhayesperanza.org\/?page_id=258\",\"name\":\"Cap\u00edtulo I\u00b0 -\",\"isPartOf\":{\"@id\":\"https:\/\/www.fundacionhayesperanza.org\/#website\"},\"datePublished\":\"2020-07-17T13:17:36+00:00\",\"dateModified\":\"2020-11-12T12:43:55+00:00\",\"breadcrumb\":{\"@id\":\"https:\/\/www.fundacionhayesperanza.org\/?page_id=258#breadcrumb\"},\"inLanguage\":\"es\",\"potentialAction\":[{\"@type\":\"ReadAction\",\"target\":[\"https:\/\/www.fundacionhayesperanza.org\/?page_id=258\"]}]},{\"@type\":\"BreadcrumbList\",\"@id\":\"https:\/\/www.fundacionhayesperanza.org\/?page_id=258#breadcrumb\",\"itemListElement\":[{\"@type\":\"ListItem\",\"position\":1,\"name\":\"Home\",\"item\":\"https:\/\/www.fundacionhayesperanza.org\/\"},{\"@type\":\"ListItem\",\"position\":2,\"name\":\"Cap\u00edtulo I\u00b0\"}]},{\"@type\":\"WebSite\",\"@id\":\"https:\/\/www.fundacionhayesperanza.org\/#website\",\"url\":\"https:\/\/www.fundacionhayesperanza.org\/\",\"name\":\"\",\"description\":\"\",\"potentialAction\":[{\"@type\":\"SearchAction\",\"target\":{\"@type\":\"EntryPoint\",\"urlTemplate\":\"https:\/\/www.fundacionhayesperanza.org\/?s={search_term_string}\"},\"query-input\":\"required name=search_term_string\"}],\"inLanguage\":\"es\"}]}<\/script>\n<!-- \/ Yoast SEO plugin. -->","yoast_head_json":{"title":"Cap\u00edtulo I\u00b0 -","robots":{"index":"index","follow":"follow","max-snippet":"max-snippet:-1","max-image-preview":"max-image-preview:large","max-video-preview":"max-video-preview:-1"},"canonical":"https:\/\/www.fundacionhayesperanza.org\/?page_id=258","og_locale":"es_ES","og_type":"article","og_title":"Cap\u00edtulo I\u00b0 -","og_description":"Denominaci\u00f3n, r\u00e9gimen, \u00e1mbito y domicilio ART\u00cdCULO 1\u00ba. La FUNDACI\u00d3N HAY ESPERANZA es una organizaci\u00f3n privada de naturaleza fundacional con personalidad jur\u00eddica propia y plena capacidad de obrar, que carece de \u00e1nimo de lucro y tiene afectado de modo duradero su patrimonio a la realizaci\u00f3n de fines de inter\u00e9s general. ART\u00cdCULO 2\u00ba. La Fundaci\u00f3n se regir\u00e1 por la Ley 1\/1998, de 2 de marzo, de Fundaciones de la Comunidad de Madrid y las dem\u00e1s disposiciones legales vigentes, por la voluntad del fundador manifestada en la Escritura de constituci\u00f3n y en estos Estatutos, as\u00ed como por las normas y disposiciones que, en interpretaci\u00f3n y desarrollo de los mismos Estatutos, establezca el Patronato. ART\u00cdCULO 3\u00ba. El cumplimiento de los fines fundacionales as\u00ed como la interpretaci\u00f3n y ejecuci\u00f3n de la voluntad del fundador quedan confiados al Patronato, sin otras limitaciones que las establecidas por estos Estatutos y por la legislaci\u00f3n vigente sobre fundaciones. ART\u00cdCULO 4\u00ba. La Fundaci\u00f3n es de duraci\u00f3n ilimitada y desarrollar\u00e1 sus actividades principalmente, en el \u00e1mbito de la Comunidad de Aut\u00f3noma de Madrid. El domicilio radicar\u00e1 en\u00a0 Madrid, Calle Santa Engracia, 15 1\u00ba izq. El Patronato podr\u00e1 trasladar el domicilio de la Fundaci\u00f3n conforme lo dispuesto en la Ley.","og_url":"https:\/\/www.fundacionhayesperanza.org\/?page_id=258","article_modified_time":"2020-11-12T12:43:55+00:00","twitter_card":"summary_large_image","twitter_misc":{"Tiempo de lectura":"1 minuto"},"schema":{"@context":"https:\/\/schema.org","@graph":[{"@type":"WebPage","@id":"https:\/\/www.fundacionhayesperanza.org\/?page_id=258","url":"https:\/\/www.fundacionhayesperanza.org\/?page_id=258","name":"Cap\u00edtulo I\u00b0 -","isPartOf":{"@id":"https:\/\/www.fundacionhayesperanza.org\/#website"},"datePublished":"2020-07-17T13:17:36+00:00","dateModified":"2020-11-12T12:43:55+00:00","breadcrumb":{"@id":"https:\/\/www.fundacionhayesperanza.org\/?page_id=258#breadcrumb"},"inLanguage":"es","potentialAction":[{"@type":"ReadAction","target":["https:\/\/www.fundacionhayesperanza.org\/?page_id=258"]}]},{"@type":"BreadcrumbList","@id":"https:\/\/www.fundacionhayesperanza.org\/?page_id=258#breadcrumb","itemListElement":[{"@type":"ListItem","position":1,"name":"Home","item":"https:\/\/www.fundacionhayesperanza.org\/"},{"@type":"ListItem","position":2,"name":"Cap\u00edtulo I\u00b0"}]},{"@type":"WebSite","@id":"https:\/\/www.fundacionhayesperanza.org\/#website","url":"https:\/\/www.fundacionhayesperanza.org\/","name":"","description":"","potentialAction":[{"@type":"SearchAction","target":{"@type":"EntryPoint","urlTemplate":"https:\/\/www.fundacionhayesperanza.org\/?s={search_term_string}"},"query-input":"required name=search_term_string"}],"inLanguage":"es"}]}},"_links":{"self":[{"href":"https:\/\/www.fundacionhayesperanza.org\/index.php?rest_route=\/wp\/v2\/pages\/258"}],"collection":[{"href":"https:\/\/www.fundacionhayesperanza.org\/index.php?rest_route=\/wp\/v2\/pages"}],"about":[{"href":"https:\/\/www.fundacionhayesperanza.org\/index.php?rest_route=\/wp\/v2\/types\/page"}],"author":[{"embeddable":true,"href":"https:\/\/www.fundacionhayesperanza.org\/index.php?rest_route=\/wp\/v2\/users\/1"}],"replies":[{"embeddable":true,"href":"https:\/\/www.fundacionhayesperanza.org\/index.php?rest_route=%2Fwp%2Fv2%2Fcomments&post=258"}],"version-history":[{"count":10,"href":"https:\/\/www.fundacionhayesperanza.org\/index.php?rest_route=\/wp\/v2\/pages\/258\/revisions"}],"predecessor-version":[{"id":490,"href":"https:\/\/www.fundacionhayesperanza.org\/index.php?rest_route=\/wp\/v2\/pages\/258\/revisions\/490"}],"wp:attachment":[{"href":"https:\/\/www.fundacionhayesperanza.org\/index.php?rest_route=%2Fwp%2Fv2%2Fmedia&parent=258"}],"curies":[{"name":"wp","href":"https:\/\/api.w.org\/{rel}","templated":true}]}}